{"id":3305,"date":"2025-07-31T15:43:39","date_gmt":"2025-07-31T18:43:39","guid":{"rendered":"https:\/\/informacionoficial-nonprod.mendoza.gob.ar\/saludydeportes\/?page_id=3305"},"modified":"2025-07-31T17:49:54","modified_gmt":"2025-07-31T20:49:54","slug":"servicios-programa-provincial-de-salud-reproductiva","status":"publish","type":"page","link":"https:\/\/informacionoficial-nonprod.mendoza.gob.ar\/saludydeportes\/servicios-programa-provincial-de-salud-reproductiva\/","title":{"rendered":"Servicios &#8211; Programa Provincial de Salud Reproductiva"},"content":{"rendered":"<p>[et_pb_section fb_built=\u00bb1&#8243; _builder_version=\u00bb4.27.4&#8243; _module_preset=\u00bbdefault\u00bb background_color=\u00bb#FFFFFF\u00bb background_enable_image=\u00bboff\u00bb background_size=\u00bbcontain\u00bb background_enable_video_mp4=\u00bboff\u00bb background_video_width=\u00bb100%\u00bb background_video_height=\u00bb100%\u00bb module_alignment=\u00bbcenter\u00bb min_height=\u00bb397px\u00bb custom_margin=\u00bb0px|0px|0px|0px|false|false\u00bb custom_padding=\u00bb0px|0px|0px|0px|false|false\u00bb locked=\u00bboff\u00bb global_colors_info=\u00bb{}\u00bb][et_pb_row _builder_version=\u00bb4.27.4&#8243; _module_preset=\u00bbdefault\u00bb custom_margin=\u00bb0px||0px||false|false\u00bb custom_padding=\u00bb1rem||1rem||true|false\u00bb global_colors_info=\u00bb{}\u00bb][et_pb_column type=\u00bb4_4&#8243; _builder_version=\u00bb4.27.4&#8243; _module_preset=\u00bbdefault\u00bb global_colors_info=\u00bb{}\u00bb][et_pb_heading title=\u00bbServicios:\u00bb _builder_version=\u00bb4.27.4&#8243; _module_preset=\u00bbdefault\u00bb title_text_color=\u00bb#000F9F\u00bb global_colors_info=\u00bb{}\u00bb][\/et_pb_heading][\/et_pb_column][\/et_pb_row][et_pb_row column_structure=\u00bb1_2,1_2&#8243; _builder_version=\u00bb4.27.4&#8243; _module_preset=\u00bbdefault\u00bb max_width=\u00bb1354px\u00bb global_colors_info=\u00bb{}\u00bb][et_pb_column type=\u00bb1_2&#8243; _builder_version=\u00bb4.27.2&#8243; _module_preset=\u00bbdefault\u00bb global_colors_info=\u00bb{}\u00bb][et_pb_toggle title=\u00bbServicios\u00bb open_toggle_text_color=\u00bb#0C71C3&#8243; open_toggle_background_color=\u00bb#FFFFFF\u00bb closed_toggle_text_color=\u00bb#FFFFFF\u00bb closed_toggle_background_color=\u00bb#000F9F\u00bb icon_color=\u00bb#C8A977&#8243; toggle_icon=\u00bb&#x41;||divi||400&#8243; open_icon_color=\u00bb#000F9F\u00bb _builder_version=\u00bb4.27.4&#8243; _module_preset=\u00bbdefault\u00bb title_text_color=\u00bb#3CB4E5&#8243; title_level=\u00bbh3&#8243; title_font=\u00bb&#8211;et_global_heading_font|600|||||||\u00bb body_font=\u00bb&#8211;et_global_body_font||||||||\u00bb body_text_color=\u00bb#6B6B6B\u00bb body_font_size=\u00bb15px\u00bb body_line_height=\u00bb1.5em\u00bb text_orientation=\u00bbcenter\u00bb max_width=\u00bb100%\u00bb module_alignment=\u00bbleft\u00bb border_radii=\u00bbon|12px|12px|12px|12px\u00bb box_shadow_style=\u00bbpreset1&#8243; global_colors_info=\u00bb{}\u00bb]<\/p>\n<p>&nbsp;<\/p>\n<table style=\"border-collapse: collapse;width: 102.148%;height: 139px\" border=\"1\">\n<tbody>\n<tr style=\"height: 136px\">\n<td style=\"width: 100%;height: 136px\">\n<ul>\n<li>Asesoramiento e informaci\u00f3n sobre salud sexual, derechos reproductivos y no reproductivos.<\/li>\n<li>Entrega de m\u00e9todos anticonceptivos de barrera (preservativos), AHE (Anticoncepci\u00f3n hormonal de emergencia) y otros.<\/li>\n<li>Colocaci\u00f3n de DIU (Dispositivo Intrauterino) e implantes subd\u00e9rmicos.<\/li>\n<\/ul>\n<p><strong>DIU: Consultorios de colocaci\u00f3n inmediata<\/strong><\/p>\n<p><strong>Ciudad<\/strong><br \/>Centro de Salud San Antonio (Lunes y jueves 8.30 a 13 h.)<\/p>\n<p><strong>Guaymall\u00e9n<\/strong><br \/>Centro de Salud N\u00ba 14 Pedro Molina (mi\u00e9rcoles y jueves \u2013 turno ma\u00f1ana)<br \/>Centro de Salud N\u00ba 16 Villa Nueva (lunes a viernes \u2013 turno ma\u00f1ana)<br \/>Centro de Salud N\u00ba 12 Bermejo (lunes a viernes \u2013 turno ma\u00f1ana)<br \/>Centro de Salud N\u00ba 13 Colonia Segovia (lunes y martes \u2013 turno ma\u00f1ana)<br \/>Centro de Salud N\u00ba 179 Prof. Carbonari (lunes a viernes \u2013 turno ma\u00f1ana)<br \/>Centro de Salud N\u00ba 185 Juan Foucault (martes y jueves \u2013 turno ma\u00f1ana)<br \/>U.S.F. N\u00ba 210 Barrio Escorihuela (lunes, mi\u00e9rcoles y viernes \u2013 turno ma\u00f1ana)<br \/>CIC 904 Barrio Paraguay (mi\u00e9rcoles y jueves \u2013 turno ma\u00f1ana)<br \/>Centro de Salud N\u00ba 222 Ren\u00e9 Favaloro (jueves \u2013 turno ma\u00f1ana)<br \/>Centro de Salud N\u00ba 246 Puente de Hierro (martes y jueves \u2013 turno ma\u00f1ana)<br \/>Centro de Salud N\u00ba 009 Los Corralitos (lunes a viernes \u2013 turno ma\u00f1ana)<br \/>Hospital Notti (martes, jueves y viernes consultorio de Adolescentes de 14 a 17 hs<br \/>mi\u00e9rcoles y viernes 13 a 16 hs)<\/p>\n<p><strong>Las Heras<\/strong><br \/>Hospital Carrillo (Jueves de 10.30 a 11.30)<br \/>Centro de Salud N\u00ba 18 (Jueves desde las 8 h)<\/p>\n<p><strong>Godoy Cruz<\/strong><br \/>Modo si (Armani 1880)<br \/>Centro de Salud N\u00ba 515 Barrio Sol y Sierra (Martes y jueves de 8 a 12)<br \/>Centro de Salud N\u00ba 174 Ramon Carillo (Mi\u00e9rcoles, jueves y viernes de 7 a 12.30)<\/p>\n<p><strong>Maip\u00fa<\/strong><br \/>Centro de Salud N\u00ba 357 Tittarelli (Mi\u00e9rcoles de 8 a 12)<br \/>Centro de Salud N\u00ba 335 Ruta 20 (Martes de 8 a 12)<br \/>Centro de Salud N\u00ba 310 Los \u00e1lamos (Jueves de 8 a 12)<br \/>Hospital Metraux (Lunes, martes y mi\u00e9rcoles de 8 a 12)<br \/>CIC N\u00b0 907 Barrio 25 de Mayo (Lunes y mi\u00e9rcoles de 8 a 12)<br \/>Centro de Salud N\u00b0 60 (Todos los d\u00edas de 9 a 12)<\/p>\n<p><strong>Luj\u00e1n de Cuyo<\/strong><br \/>Centro de Salud N\u00ba 33 La Colonia (Martes de 14 a 18)<br \/>Centro de Salud N\u00ba 32 Las Compuertas (de 10 a 14)<\/p>\n<p><strong>Lavalle<\/strong><br \/>Centro de Salud N\u00ba 43 Costa de Araujo (Lun, Mar, Mier de 8 a 15 h)<\/p>\n<p><strong>Rivadavia<\/strong><br \/>CAPS N\u00ba 146 Campamentos (Lun 11 hs. \/ Vie 10 hs.)<br \/>CAPS N\u00ba 337 Barrio Titarelli (Martes 10 hs.)<br \/>CAPS N\u00ba 336 La Forestal (Mi\u00e9rcoles 10 hs.)<br \/>CAPS N\u00ba 67 Medrano (Lunes 8 hs.)<br \/>CAPS N\u00ba 68 Los \u00c1rboles (Martes 8 hs.)<br \/>CAPS N\u00ba 316 Mundo Nuevo (Mi\u00e9rcoles 8 hs.)<br \/>CAPS N\u00ba 315 Andrade (Jueves 8 hs.)<br \/>CAPS N\u00ba 554 Posta San Isidro (Viernes 8 hs.)<br \/>CAPS N\u00ba 66 El Mirador (Martes 8 hs.)<br \/>Hospital Saporiti (Lunes a viernes por la ma\u00f1ana)<\/p>\n<p><strong>San Mart\u00edn<\/strong><br \/>Hospital Perrupato (Viernes por la ma\u00f1ana)<br \/>Centro de Salud N\u00b0 82 (Mi\u00e9rcoles)<br \/>Centro de Salud N\u00b0 85 (1er y 3er jueves de cada mes)<br \/>Centro de Salud N\u00b0 195 (Viernes por la ma\u00f1ana)<\/p>\n<p><strong>La Paz<\/strong><br \/>Hospital A. Illia \u2013 Consultorio de Obstetricia (Jueves de 9 a 12 )<\/p>\n<p><strong>Santa Rosa<\/strong><br \/>Hospital A. Raffo \u2013 Consultorio de Obstetricia (Lunes de 9 a 12)<\/p>\n<p><strong>General Alvear<\/strong><br \/>Centro de Salud N\u00ba 121 Bowen (Martes de 8 a 12)<br \/>SUM Barrio San Carlos (Viernes de 8 a 12)<\/p>\n<p><strong>Para colocaci\u00f3n de DIU<\/strong><br \/><strong>NO es requisito:<\/strong><\/p>\n<p>El consentimiento de la pareja.<br \/>Haber tenido hijos\/as.<br \/>Ser mayor de edad.<br \/>Estudios como PAP o ecograf\u00edas.<\/p>\n<p><strong>Implantes subd\u00e9rmicos<\/strong><\/p>\n<p>Es requisito tener menos de 24 a\u00f1os. Disponibles en Centros de Salud y Hospitales de la provincia.<\/p>\n<p><strong>Anticoncepci\u00f3n quir\u00fargica<\/strong><\/p>\n<p><strong>Ligadura de Trompas:<\/strong><br \/>Hospital Luis Lagomaggiore<br \/>Hospital Enfermeros Argentinos<br \/>Hospital Diego Paroissien<br \/>Hospital Regional Malarg\u00fce<br \/>Hospital Carlos Saporiti<br \/>Hospital Victorino Tagarelli<br \/>Hospital Alfredo Perrupato<br \/>Hospital Teodoro Schestakow<br \/>Hospital Antonio Scaravelli<\/p>\n<p><strong>Vasectom\u00eda<\/strong><br \/>Hospital Central<br \/>Hospital Luis Lagomaggiore<br \/>Hospital Diego Paroissien<br \/>Hospital Carlos Saporiti<br \/>Hospital Victorino Tagarelli<br \/>Hospital Alfredo Perrupato<br \/>Hospital Regional Malarg\u00fce<br \/>Hospital Teodoro Schestakow<br \/>Hospital Antonio Scaravelli<\/p>\n<\/td>\n<\/tr>\n<\/tbody>\n<\/table>\n<p>&nbsp;<\/p>\n<p>[\/et_pb_toggle][\/et_pb_column][et_pb_column type=\u00bb1_2&#8243; _builder_version=\u00bb4.27.4&#8243; _module_preset=\u00bbdefault\u00bb global_colors_info=\u00bb{}\u00bb][et_pb_toggle title=\u00bbAtenci\u00f3n de la salud integral de personas trans, travestis y no binarias\u00bb open_toggle_text_color=\u00bb#0C71C3&#8243; open_toggle_background_color=\u00bb#FFFFFF\u00bb closed_toggle_text_color=\u00bb#FFFFFF\u00bb closed_toggle_background_color=\u00bb#000F9F\u00bb icon_color=\u00bb#C8A977&#8243; toggle_icon=\u00bb&#x41;||divi||400&#8243; open_icon_color=\u00bb#C8A977&#8243; _builder_version=\u00bb4.27.4&#8243; _module_preset=\u00bbdefault\u00bb title_text_color=\u00bb#3CB4E5&#8243; title_level=\u00bbh3&#8243; title_font=\u00bb&#8211;et_global_heading_font|600|||||||\u00bb closed_title_font=\u00bb&#8211;et_global_heading_font||||||||\u00bb body_font=\u00bb&#8211;et_global_body_font||||||||\u00bb body_text_color=\u00bb#6B6B6B\u00bb body_font_size=\u00bb15px\u00bb text_orientation=\u00bbcenter\u00bb hover_enabled=\u00bb0&#8243; border_radii=\u00bbon|12px|12px|12px|12px\u00bb global_colors_info=\u00bb{}\u00bb title__hover_enabled=\u00bboff|desktop\u00bb title__hover=\u00bb\u00c1rea Sanitaria San Mart\u00edn\u00bb sticky_enabled=\u00bb0&#8243;]<\/p>\n<table style=\"border-collapse: collapse;width: 100%\" border=\"1\">\n<tbody>\n<tr>\n<td style=\"width: 100%\">\n<p align=\"center\" style=\"text-align: left\">Correo Oficial: <a href=\"mailto:ssrdiversidad@mendoza.gov.ar\"><u>ssrdiversidad@mendoza.gov.ar<\/u><\/a><\/p>\n<p align=\"center\" style=\"text-align: left\">L\u00ednea de Salud Sexual: <a href=\"tel:08002223444\">0800 222 3444<\/a><a href=\"mailto:area-sanmartin@mendoza.gov.ar\"><\/a><\/p>\n<p>Consultorios de reafirmaci\u00f3n hormonal de g\u00e9nero<\/p>\n<p><strong>GRAN MENDOZA (Ciudad, Las Heras, Godoy Cruz, Guaymall\u00e9n, Maip\u00fa, Luj\u00e1n de Cuyo)<\/strong><br \/>HOSPITAL CENTRAL<br \/>REFERENTE: Lic. Germ\u00e1n Gregorio Morassutti<br \/>Mi\u00e9rcoles a partir de las 8 h. (Por orden de llegada).<br \/>ENDOCRINOLOG\u00cdA: Dr. Pablo Ferrada<br \/>Tel\u00e9fono: 261 3855384<br \/>Consultorios externos \u2013 pabell\u00f3n 2 \u2013 consultorio 36 &#8211; Calle Alem y Salta, Mendoza.<\/p>\n<p><strong>ZONA NORTE (Lavalle)<\/strong><br \/>HOSPITAL SICOLI<br \/>REFERENTE: Lic. Lucas Martinez Funes<br \/>Dra. Leticia Del Cid \u2013 \u00c1rea Servicio Social<br \/>Tel\u00e9fono: 261 494 1049<br \/>Lunes, mi\u00e9rcoles y viernes. De 8:30 a 13 h.<br \/>Belgrano 415 \u2013 Villa Tulumaya \u2013 Lavalle<\/p>\n<p><strong>ZONA ESTE (San Mart\u00edn, Jun\u00edn, La Paz, Santa Rosa, Rivadavia)<\/strong><br \/>PERRUPATO<br \/>REFERENTE: Dr. Gonz\u00e1lez Ger\u00f3nimo Carolina<br \/>Lunes, mi\u00e9rcoles y viernes de 13 A 17 h.<br \/>Tel\u00e9fono: 263 4422195<br \/>Consultorios externos Boulogne Sur Mer. Ruta Provincial N\u00ba 50. San Mart\u00edn.<\/p>\n<p><strong>VALLE DE UCO (Tunuy\u00e1n, Tupungato, San Carlos)<\/strong><br \/>REFERENTE: Lic. Nicol\u00e1s Ag\u00fcero<br \/>Tel\u00e9fono: 262 2611514<br \/>Centro de Salud 198 Dr. Fermin Carrizo<br \/>Martes, Mi\u00e9rcoles y Viernes 9 A 13 h.<br \/>Centro de Salud 370 Dr. Aldo Palumbo<br \/>Lunes y jueves 9 A 13 h.<\/p>\n<p><strong>ZONA SUR (San Rafael)<\/strong><br \/>Hospital Schestakow<br \/>REFERENTE: Patricia Aguilera \u2013 Dr. Hernan Alias<br \/>Viernes 8:30 h. Consultorio N\u00b0 20.<br \/>Comandante Torres 150, San Rafael.<br \/>Tel\u00e9fonos: (0260) 442-2580 \/ (0260) 442-4291<\/p>\n<p><strong>INFANCIAS Y ADOLESCENCIAS<\/strong><br \/>Hospital Notti<br \/>Derivacion de la Coordinacion Lic. German Gregorio<br \/>REFERENTES: Dra. Zelmira Guntsche y Dra. Adriana Minatti<br \/>Servicio de Endocrinolog\u00eda y Adolescencia Dra. Mar\u00eda Bel\u00e9n Raina. Dra. Carina Avellaneda L\u00f3pez \u2013 Dra. Mar\u00eda Elena Chirino<br \/>PSICOLOG\u00cdA: Lic. Cavallo Musa y Elida Mussa<br \/>Lunes a viernes de 8 a 15 h. Bandera De Los Andes 2603 \u2013 Guaymall\u00e9n Tel\u00e9fonos: (0261) 445 2982 \u2013 (0261) 413 2633<\/p>\n<\/td>\n<\/tr>\n<\/tbody>\n<\/table>\n<p>&nbsp;<\/p>\n<p>[\/et_pb_toggle][\/et_pb_column][\/et_pb_row][\/et_pb_section]<\/p>\n","protected":false},"excerpt":{"rendered":"<p>&nbsp; Asesoramiento e informaci\u00f3n sobre salud sexual, derechos reproductivos y no reproductivos. Entrega de m\u00e9todos anticonceptivos de barrera (preservativos), AHE (Anticoncepci\u00f3n hormonal de emergencia) y otros. Colocaci\u00f3n de DIU (Dispositivo Intrauterino) e implantes subd\u00e9rmicos. DIU: Consultorios de colocaci\u00f3n inmediata CiudadCentro de Salud San Antonio (Lunes y jueves 8.30 a 13 h.) Guaymall\u00e9nCentro de Salud N\u00ba [&hellip;]<\/p>\n","protected":false},"author":18,"featured_media":0,"parent":0,"menu_order":0,"comment_status":"closed","ping_status":"closed","template":"","meta":{"_et_pb_use_builder":"on","_et_pb_old_content":"","_et_gb_content_width":"","footnotes":""},"class_list":["post-3305","page","type-page","status-publish","hentry"],"_links":{"self":[{"href":"https:\/\/informacionoficial-nonprod.mendoza.gob.ar\/saludydeportes\/wp-json\/wp\/v2\/pages\/3305","targetHints":{"allow":["GET"]}}],"collection":[{"href":"https:\/\/informacionoficial-nonprod.mendoza.gob.ar\/saludydeportes\/wp-json\/wp\/v2\/pages"}],"about":[{"href":"https:\/\/informacionoficial-nonprod.mendoza.gob.ar\/saludydeportes\/wp-json\/wp\/v2\/types\/page"}],"author":[{"embeddable":true,"href":"https:\/\/informacionoficial-nonprod.mendoza.gob.ar\/saludydeportes\/wp-json\/wp\/v2\/users\/18"}],"replies":[{"embeddable":true,"href":"https:\/\/informacionoficial-nonprod.mendoza.gob.ar\/saludydeportes\/wp-json\/wp\/v2\/comments?post=3305"}],"version-history":[{"count":10,"href":"https:\/\/informacionoficial-nonprod.mendoza.gob.ar\/saludydeportes\/wp-json\/wp\/v2\/pages\/3305\/revisions"}],"predecessor-version":[{"id":3345,"href":"https:\/\/informacionoficial-nonprod.mendoza.gob.ar\/saludydeportes\/wp-json\/wp\/v2\/pages\/3305\/revisions\/3345"}],"wp:attachment":[{"href":"https:\/\/informacionoficial-nonprod.mendoza.gob.ar\/saludydeportes\/wp-json\/wp\/v2\/media?parent=3305"}],"curies":[{"name":"wp","href":"https:\/\/api.w.org\/{rel}","templated":true}]}}