{"id":1734,"date":"2025-06-19T13:43:14","date_gmt":"2025-06-19T11:43:14","guid":{"rendered":"https:\/\/informacionoficial-nonprod.mendoza.gob.ar\/energiayambiente\/?page_id=1734"},"modified":"2025-06-24T13:56:08","modified_gmt":"2025-06-24T11:56:08","slug":"elefantes","status":"publish","type":"page","link":"https:\/\/informacionoficial-nonprod.mendoza.gob.ar\/energiayambiente\/elefantes\/","title":{"rendered":"Elefantes"},"content":{"rendered":"\n[et_pb_section fb_built=\u00bb1&#8243; _builder_version=\u00bb4.27.4&#8243; use_background_color_gradient=\u00bbon\u00bb background_color_gradient_direction=\u00bb1deg\u00bb background_color_gradient_stops=\u00bb#ffffff 6%|#000000 48%\u00bb background_blend=\u00bbscreen\u00bb width=\u00bb100%\u00bb min_height=\u00bb1314.6px\u00bb custom_margin=\u00bb||-8px|||\u00bb custom_padding=\u00bb||0px|||\u00bb hover_enabled=\u00bb0&#8243; border_color_all=\u00bb#FFFFFF\u00bb global_colors_info=\u00bb{}\u00bb sticky_enabled=\u00bb0&#8243; title_text=\u00bbRana-IMG_3800-700&#215;525&#8243; background_image=\u00bbhttps:\/\/mza-dicaws-portal-uploads-media-dev.s3.us-east-1.amazonaws.com\/informacion-oficial\/uploads\/sites\/12\/2025\/06\/Rana-IMG_3800-700&#215;525-1.jpg\u00bb][et_pb_row _builder_version=\u00bb4.27.4&#8243; background_size=\u00bbinitial\u00bb background_position=\u00bbtop_left\u00bb background_repeat=\u00bbrepeat\u00bb max_width=\u00bb2560px\u00bb custom_padding=\u00bb39px|||||\u00bb global_colors_info=\u00bb{}\u00bb][et_pb_column type=\u00bb4_4&#8243; _builder_version=\u00bb4.27.4&#8243; _module_preset=\u00bbdefault\u00bb global_colors_info=\u00bb{}\u00bb][et_pb_heading title=\u00bbELEFANTES\u00bb _builder_version=\u00bb4.27.4&#8243; _module_preset=\u00bbdefault\u00bb title_font=\u00bb|300|||||||\u00bb title_text_align=\u00bbcenter\u00bb title_text_color=\u00bbgcid-heading-color\u00bb title_font_size=\u00bb3.5rem\u00bb min_height=\u00bb54px\u00bb custom_margin=\u00bb||-1px|||\u00bb hover_enabled=\u00bb0&#8243; title_text_shadow_style=\u00bbpreset1&#8243; global_colors_info=\u00bb{%22gcid-heading-color%22:%91%22title_text_color%22%93}\u00bb sticky_enabled=\u00bb0&#8243;][\/et_pb_heading][et_pb_heading title=\u00bbTraslado de Pocha y Guillermina\u00bb _builder_version=\u00bb4.27.4&#8243; _module_preset=\u00bbdefault\u00bb title_font=\u00bb|300|||||||\u00bb title_text_align=\u00bbcenter\u00bb title_text_color=\u00bb#FFFFFF\u00bb title_font_size=\u00bb3.5rem\u00bb title_text_shadow_style=\u00bbpreset1&#8243; global_colors_info=\u00bb{}\u00bb][\/et_pb_heading][\/et_pb_column][\/et_pb_row][et_pb_row _builder_version=\u00bb4.27.4&#8243; _module_preset=\u00bbdefault\u00bb background_color=\u00bbrgba(0,0,0,0.38)\u00bb custom_margin=\u00bb|||0px|false|false\u00bb custom_padding=\u00bb|||16px|false|false\u00bb hover_enabled=\u00bb0&#8243; border_radii=\u00bbon|8px|8px|8px|8px\u00bb global_colors_info=\u00bb{}\u00bb sticky_enabled=\u00bb0&#8243; max_width=\u00bb2560px\u00bb][et_pb_column type=\u00bb4_4&#8243; _builder_version=\u00bb4.27.4&#8243; _module_preset=\u00bbdefault\u00bb global_colors_info=\u00bb{}\u00bb][et_pb_text _builder_version=\u00bb4.27.4&#8243; _module_preset=\u00bbdefault\u00bb text_text_color=\u00bbgcid-heading-color\u00bb hover_enabled=\u00bb0&#8243; global_colors_info=\u00bb{%22gcid-heading-color%22:%91%22text_text_color%22%93}\u00bb text_font_size=\u00bb16px\u00bb sticky_enabled=\u00bb0&#8243;]<p><strong>Esta p\u00e1gina tiene el objeto de recopilar toda la informaci\u00f3n oficial publicada por medios en referencia al traslado de Pocha y Guillermina desde el Ecoparque Mendoza a al Santuario de Elefantes de Brasil (SEB).<\/strong><\/p>[\/et_pb_text][\/et_pb_column][\/et_pb_row][et_pb_row _builder_version=\u00bb4.27.4&#8243; _module_preset=\u00bbdefault\u00bb hover_enabled=\u00bb0&#8243; global_colors_info=\u00bb{}\u00bb sticky_enabled=\u00bb0&#8243; max_width=\u00bb2560px\u00bb][et_pb_column type=\u00bb4_4&#8243; _builder_version=\u00bb4.27.4&#8243; _module_preset=\u00bbdefault\u00bb global_colors_info=\u00bb{}\u00bb][et_pb_heading title=\u00bbEL TRASLADO EN IM\u00c1GENES\u00bb admin_label=\u00bbFlora Nativa\u00bb module_id=\u00bbnautica\u00bb _builder_version=\u00bb4.27.4&#8243; _module_preset=\u00bbdefault\u00bb title_level=\u00bbh2&#8243; title_font=\u00bb|300|||||||\u00bb title_text_align=\u00bbleft\u00bb title_text_color=\u00bbgcid-heading-color\u00bb title_font_size=\u00bb40px\u00bb min_height=\u00bb25px\u00bb custom_margin=\u00bb||-1px|||\u00bb custom_padding=\u00bb|0px||||\u00bb title_text_shadow_style=\u00bbpreset2&#8243; global_colors_info=\u00bb{%22gcid-heading-color%22:%91%22title_text_color%22%93}\u00bb][\/et_pb_heading][\/et_pb_column][\/et_pb_row][et_pb_row _builder_version=\u00bb4.27.4&#8243; _module_preset=\u00bbdefault\u00bb max_width=\u00bb2560px\u00bb global_colors_info=\u00bb{}\u00bb][et_pb_column type=\u00bb4_4&#8243; _builder_version=\u00bb4.27.4&#8243; _module_preset=\u00bbdefault\u00bb global_colors_info=\u00bb{}\u00bb][et_pb_gallery gallery_ids=\u00bb1756,1757,1758,1759,1760,1761,1762,1763,1764,1765,1766,1767,1768,1769,1770,1771,1772,1773,1774,1775,1776,1777,1778,1779,1780,1781,1782,1783,1784,1785,1786,1787,1788,1789,1790,1791,1792,1794,1795,1796,1797,1798,1799,1800,1802,1804,1805&#8243; posts_number=\u00bb8&#8243; _builder_version=\u00bb4.27.4&#8243; _module_preset=\u00bbdefault\u00bb title_font=\u00bb|300|||||||\u00bb title_text_color=\u00bbRGBA(255,255,255,0)\u00bb title_font_size=\u00bb1px\u00bb caption_font_size=\u00bb1px\u00bb caption_line_height=\u00bb1px\u00bb pagination_font=\u00bb|700|||||||\u00bb pagination_text_align=\u00bbcenter\u00bb pagination_text_color=\u00bbgcid-b2777ccc-45bf-4762-b379-294426a7f0ff\u00bb pagination_font_size=\u00bb1rem\u00bb background_layout=\u00bbdark\u00bb max_height=\u00bb500px\u00bb hover_enabled=\u00bb0&#8243; border_radii=\u00bbon|8px|8px|8px|8px\u00bb global_colors_info=\u00bb{%22gcid-b2777ccc-45bf-4762-b379-294426a7f0ff%22:%91%22pagination_text_color%22%93}\u00bb sticky_enabled=\u00bb0&#8243;][\/et_pb_gallery][\/et_pb_column][\/et_pb_row][\/et_pb_section][et_pb_section fb_built=\u00bb1&#8243; _builder_version=\u00bb4.27.4&#8243; background_color=\u00bbRGBA(255,255,255,0)\u00bb use_background_color_gradient=\u00bbon\u00bb background_color_gradient_direction=\u00bb179deg\u00bb background_color_gradient_stops=\u00bbrgba(255, 255, 255, 1) 11%|#ffffff 15%|#0a0000 44%\u00bb background_image=\u00bbhttps:\/\/mza-dicaws-portal-uploads-media-dev.s3.us-east-1.amazonaws.com\/informacion-oficial\/uploads\/sites\/12\/2025\/06\/Rana-Mara-IMG_7918-700&#215;467-1.jpg\u00bb background_blend=\u00bbscreen\u00bb background_enable_video_mp4=\u00bboff\u00bb custom_margin=\u00bb3px|||||\u00bb custom_padding=\u00bb103px|||||\u00bb hover_enabled=\u00bb0&#8243; global_colors_info=\u00bb{}\u00bb sticky_enabled=\u00bb0&#8243;][et_pb_row column_structure=\u00bb1_2,1_2&#8243; _builder_version=\u00bb4.27.4&#8243; _module_preset=\u00bbdefault\u00bb max_width=\u00bb2560px\u00bb min_height=\u00bb76.5px\u00bb custom_padding=\u00bb|0px||||\u00bb hover_enabled=\u00bb0&#8243; global_colors_info=\u00bb{}\u00bb sticky_enabled=\u00bb0&#8243;][et_pb_column type=\u00bb1_2&#8243; _builder_version=\u00bb4.27.4&#8243; _module_preset=\u00bbdefault\u00bb global_colors_info=\u00bb{}\u00bb][et_pb_toggle title=\u00bbPRENSA\u00bb _builder_version=\u00bb4.27.4&#8243; _module_preset=\u00bbdefault\u00bb sticky_enabled=\u00bb0&#8243; border_radii=\u00bbon|8px|8px|8px|8px\u00bb title_level=\u00bbh3&#8243; global_colors_info=\u00bb{%22gcid-bb9c0857-25e3-4051-b4b2-87f09afe6b01%22:%91%22icon_color%22%93,%22gcid-53054839-b83d-4ef0-8659-8a010e6148fd%22:%91%22open_icon_color%22%93}\u00bb icon_color=\u00bbgcid-bb9c0857-25e3-4051-b4b2-87f09afe6b01&#8243; open_icon_color=\u00bbgcid-53054839-b83d-4ef0-8659-8a010e6148fd\u00bb title_font=\u00bb|300|||||||\u00bb title_font_size=\u00bb1.5rem\u00bb background_color=\u00bbRGBA(255,255,255,0.65)\u00bb custom_padding=\u00bb||41px|||\u00bb]<p><span><a href=\"https:\/\/www.mendoza.gov.ar\/prensa\/la-nueva-vida-de-pocha-y-guillermina-en-fotos\/\" target=\"_top\">La nueva vida de Pocha y Guillermina en fotos <\/a><\/span><\/p>\n<p><span><a href=\"https:\/\/www.mendoza.gov.ar\/prensa\/pocha-y-guillermina-ya-llegaron-al-santuario-de-elefantes-en-brasil\/\" target=\"_top\">Pocha y Guillermina ya llegaron al Santuario de Elefantes en Brasil <\/a><\/span><\/p>\n<p><span><a href=\"https:\/\/www.mendoza.gov.ar\/prensa\/traslado-pocha-y-guillermina-las-elefantas-reciben-el-afecto-de-los-argentinos-durante-el-camino\/\" target=\"_top\">Traslado de Pocha y Guillermina: las elefantas reciben el afecto de la gente durante el camino <\/a><\/span><\/p>\n<p><span><a href=\"https:\/\/www.mendoza.gov.ar\/prensa\/en-imagenes-asi-avanza-por-las-calles-de-mendoza-el-traslado-de-las-elefantas-pocha-y-guillermina\/\" target=\"_top\">En im\u00e1genes: as\u00ed avanza por las calles de Mendoza el traslado de las elefantas Pocha y Guillermina <\/a><\/span><\/p>\n<p><span><a href=\"https:\/\/www.mendoza.gov.ar\/prensa\/rodolfo-suarez-despidio-a-las-elefantas-pocha-y-guillermina\/\" target=\"_top\">Rodolfo Suarez despidi\u00f3 a las elefantas Pocha y Guillermina <\/a><\/span><\/p>\n<p><span><a href=\"https:\/\/www.mendoza.gov.ar\/prensa\/ecoparque-comienza-el-operativo-para-trasladar-a-pocha-y-guillermina\/\" target=\"_top\">Ecoparque: comienza el operativo para trasladar a Pocha y Guillermina <\/a><\/span><\/p>\n<p><span><a href=\"https:\/\/www.mendoza.gov.ar\/prensa\/dia-del-animal-mendoza-prepara-el-traslado-de-pocha-y-guillermina-al-santuario-de-elefantes-en-brasil\/\" target=\"_top\">D\u00eda del Animal: Mendoza prepara el traslado de Pocha y Guillermina al Santuario de Elefantes en Brasil <\/a><\/span><\/p>\n<p><span><a href=\"https:\/\/www.mendoza.gov.ar\/prensa\/mingorance-confirmo-el-traslado-de-pocha-y-guillermina-al-santuario-en-brasil\/\" target=\"_top\">Mingorance confirm\u00f3 el traslado de Pocha y Guillermina al Santuario en Brasil <\/a><\/span><\/p>\n<p><span><a href=\"https:\/\/www.mendoza.gov.ar\/prensa\/mendoza-insta-a-nacion-a-emitir-las-autorizaciones-para-que-las-elefantas-del-ecoparque-vivan-en-un-santuario-brasilero\/\" target=\"_top\">Mendoza insta a Naci\u00f3n a emitir las autorizaciones para que las elefantas del Ecoparque vivan en un santuario brasilero <\/a><\/span><\/p>\n<p><span><a href=\"https:\/\/www.mendoza.gov.ar\/prensa\/la-justicia-federal-fallo-a-favor-del-traslado-de-los-4-elefantes-del-ecoparque-al-santuario-de-brasil\/\" target=\"_top\">La Justicia Federal fall\u00f3 a favor del traslado de los cuatro elefantes del Ecoparque al Santuario de Brasil <\/a><\/span><\/p>\n<p><span><a href=\"https:\/\/www.mendoza.gov.ar\/prensa\/continua-la-preparacion-del-traslado-de-las-elefantas-pocha-y-guillermina\/\" target=\"_top\">Contin\u00faa la preparaci\u00f3n del traslado de las elefantas Pocha y Guillermina <\/a><\/span><\/p>\n<p><span><a href=\"https:\/\/www.mendoza.gov.ar\/prensa\/ecoparque-comienza-el-operativo-de-traslado-de-los-elefantes\/\" target=\"_top\">Ecoparque: comienza el operativo de traslado de las elefantes <\/a><\/span><\/p>\n<p><span><a href=\"https:\/\/www.mendoza.gov.ar\/prensa\/suarez-firmo-un-convenio-con-el-santuario-de-brasil-para-trasladar-a-los-cuatro-elefantes-del-ecoparque\/\" target=\"_top\">Suarez firm\u00f3 un convenio con el Santuario de Brasil para trasladar a los cuatro elefantes del Ecoparque <\/a><\/span><\/p>\n<p><span><a href=\"https:\/\/www.mendoza.gov.ar\/prensa\/las-elefantas-pocha-y-guillermina-comenzaron-el-entrenamiento-para-ser-trasladadas-al-santuario-de-brasil\/\" target=\"_top\">Las elefantas Pocha y Guillermina comenzaron el entrenamiento para ser trasladadas al Santuario de Brasil <\/a><\/span><\/p>\n<p><span><a href=\"https:\/\/www.mendoza.gov.ar\/prensa\/ecoparque-llegaron-los-contenedores-para-trasladar-a-dos-de-los-elefantes-al-santuario-en-brasil\/\" target=\"_top\">Ecoparque: llegaron los contenedores para trasladar a dos de los elefantes al santuario en Brasil <\/a><\/span><\/p>\n<p><span><a href=\"https:\/\/www.mendoza.gov.ar\/prensa\/preparan-el-traslado-de-los-elefantes-del-ecoparque-a-un-santuario-natural-en-brasil\/\" target=\"_top\">Preparan el traslado de los elefantes del Ecoparque a un santuario natural en Brasil <\/a><\/span><\/p>\n<p><span><a href=\"https:\/\/www.mendoza.gov.ar\/prensa\/ambiente-firmo-un-convenio-con-la-intencion-de-trasladar-a-elefantes-del-zoologico-provincial\/\" target=\"_top\">Ambiente firm\u00f3 un convenio para trasladar elefantes del Zool\u00f3gico provincial <\/a><\/span><\/p>\n<p><span><a href=\"https:\/\/www.infobae.com\/sociedad\/2021\/03\/23\/llegaron-a-mendoza-los-contenedores-que-trasladaran-a-dos-de-los-elefantes-del-ecoparque-al-santuario-de-brasil-donde-vive-mara\/\">Llegaron a Mendoza los contenedores que trasladar\u00e1n a dos de los elefantes del Ecoparque al Santuario de Brasil donde vive Mara <\/a><\/span><\/p>\n<p><span><a href=\"https:\/\/www.lanacion.com.ar\/sociedad\/mendoza-los-detalles-que-pocos-conocen-detras-del-traslado-de-las-dos-elefantas-a-un-santuario-en-nid03092021\/\">Mendoza: los detalles que pocos conocen detr\u00e1s del traslado de las dos elefantas a un santuario en Brasil<\/a><\/span><\/p>\n<p><span><a href=\"https:\/\/www.lanacion.com.ar\/sociedad\/mendoza-entrenan-a-pocha-y-guillermina-dos-elefantas-del-ecoparque-para-su-traslado-a-un-santuario-nid24032021\/\">Mendoza. Entrenan a Pocha y Guillermina, dos elefantas del Ecoparque, para su traslado a un santuario<\/a><\/span><\/p>\n<p><span><a href=\"https:\/\/weekend.perfil.com\/noticias\/informativo\/asi-trasladaran-a-dos-elefantas-de-mendoza-a-un-santuario-brasileno.phtml\"><span>As\u00ed trasladar\u00e1n a dos elefantas de Mendoza a un santuario brasile\u00f1o<\/span><\/a><\/span><\/p>[\/et_pb_toggle][\/et_pb_column][et_pb_column type=\u00bb1_2&#8243; _builder_version=\u00bb4.27.4&#8243; _module_preset=\u00bbdefault\u00bb global_colors_info=\u00bb{}\u00bb][et_pb_cta title=\u00bbVideos\u00bb button_text=\u00bbClics\u00bb _builder_version=\u00bb4.27.4&#8243; _module_preset=\u00bbdefault\u00bb header_text_color=\u00bbgcid-840cd285-ee6f-49c1-abc9-5e893f3235b8&#8243; body_text_color=\u00bbgcid-840cd285-ee6f-49c1-abc9-5e893f3235b8&#8243; background_color=\u00bbRGBA(255,255,255,0.65)\u00bb width=\u00bb100%\u00bb max_width=\u00bb100%\u00bb module_alignment=\u00bbright\u00bb custom_margin=\u00bb|-275px||-14px|false|false\u00bb custom_padding=\u00bb22px|15px|3px|15px|false|false\u00bb border_radii=\u00bbon|8px|8px|8px|8px\u00bb border_width_all=\u00bb3px\u00bb border_color_all=\u00bbgcid-bb9c0857-25e3-4051-b4b2-87f09afe6b01&#8243; global_colors_info=\u00bb{%22gcid-bb9c0857-25e3-4051-b4b2-87f09afe6b01%22:%91%22border_color_all%22%93,%22gcid-840cd285-ee6f-49c1-abc9-5e893f3235b8%22:%91%22body_text_color%22,%22header_text_color%22%93}\u00bb][\/et_pb_cta][et_pb_video_slider _builder_version=\u00bb4.27.4&#8243; _module_preset=\u00bbdefault\u00bb global_colors_info=\u00bb{}\u00bb][et_pb_video_slider_item src=\u00bbhttps:\/\/www.youtube.com\/watch?v=Ms51fcNTuLs\u00bb _builder_version=\u00bb4.27.4&#8243; _module_preset=\u00bbdefault\u00bb global_colors_info=\u00bb{}\u00bb show_image_overlay=\u00bboff\u00bb][\/et_pb_video_slider_item][et_pb_video_slider_item src=\u00bbhttps:\/\/www.youtube.com\/watch?v=lFZ3DPsOZyA\u00bb _builder_version=\u00bb4.27.4&#8243; _module_preset=\u00bbdefault\u00bb global_colors_info=\u00bb{}\u00bb show_image_overlay=\u00bboff\u00bb][\/et_pb_video_slider_item][et_pb_video_slider_item src=\u00bbhttps:\/\/www.youtube.com\/watch?v=frnNhjoS8d8&#8243; _builder_version=\u00bb4.27.4&#8243; _module_preset=\u00bbdefault\u00bb global_colors_info=\u00bb{}\u00bb show_image_overlay=\u00bboff\u00bb][\/et_pb_video_slider_item][\/et_pb_video_slider][\/et_pb_column][\/et_pb_row][\/et_pb_section][et_pb_section fb_built=\u00bb1&#8243; module_id=\u00bbcontacto\u00bb _builder_version=\u00bb4.27.4&#8243; _module_preset=\u00bbdefault\u00bb global_colors_info=\u00bb{}\u00bb][\/et_pb_section]\n","protected":false},"excerpt":{"rendered":"<p>Esta p\u00e1gina tiene el objeto de recopilar toda la informaci\u00f3n oficial publicada por medios en referencia al traslado de Pocha y Guillermina desde el Ecoparque Mendoza a al Santuario de Elefantes de Brasil (SEB).La nueva vida de Pocha y Guillermina en fotos Pocha y Guillermina ya llegaron al Santuario de Elefantes en Brasil Traslado de [&hellip;]<\/p>\n","protected":false},"author":13,"featured_media":0,"parent":0,"menu_order":0,"comment_status":"closed","ping_status":"closed","template":"","meta":{"_et_pb_use_builder":"on","_et_pb_old_content":"","_et_gb_content_width":"","footnotes":""},"class_list":["post-1734","page","type-page","status-publish","hentry"],"_links":{"self":[{"href":"https:\/\/informacionoficial-nonprod.mendoza.gob.ar\/energiayambiente\/wp-json\/wp\/v2\/pages\/1734","targetHints":{"allow":["GET"]}}],"collection":[{"href":"https:\/\/informacionoficial-nonprod.mendoza.gob.ar\/energiayambiente\/wp-json\/wp\/v2\/pages"}],"about":[{"href":"https:\/\/informacionoficial-nonprod.mendoza.gob.ar\/energiayambiente\/wp-json\/wp\/v2\/types\/page"}],"author":[{"embeddable":true,"href":"https:\/\/informacionoficial-nonprod.mendoza.gob.ar\/energiayambiente\/wp-json\/wp\/v2\/users\/13"}],"replies":[{"embeddable":true,"href":"https:\/\/informacionoficial-nonprod.mendoza.gob.ar\/energiayambiente\/wp-json\/wp\/v2\/comments?post=1734"}],"version-history":[{"count":15,"href":"https:\/\/informacionoficial-nonprod.mendoza.gob.ar\/energiayambiente\/wp-json\/wp\/v2\/pages\/1734\/revisions"}],"predecessor-version":[{"id":1886,"href":"https:\/\/informacionoficial-nonprod.mendoza.gob.ar\/energiayambiente\/wp-json\/wp\/v2\/pages\/1734\/revisions\/1886"}],"wp:attachment":[{"href":"https:\/\/informacionoficial-nonprod.mendoza.gob.ar\/energiayambiente\/wp-json\/wp\/v2\/media?parent=1734"}],"curies":[{"name":"wp","href":"https:\/\/api.w.org\/{rel}","templated":true}]}}