{"id":79,"date":"2025-07-16T20:45:56","date_gmt":"2025-07-16T18:45:56","guid":{"rendered":"https:\/\/informacionoficial-nonprod.mendoza.gob.ar\/boletinoficial\/?page_id=79"},"modified":"2025-07-16T20:45:57","modified_gmt":"2025-07-16T18:45:57","slug":"tarifas-vigentes","status":"publish","type":"page","link":"https:\/\/informacionoficial-nonprod.mendoza.gob.ar\/boletinoficial\/tarifas-vigentes\/","title":{"rendered":"Tarifas Vigentes"},"content":{"rendered":"\n[et_pb_section fb_built=\u00bb1&#8243; theme_builder_area=\u00bbpost_content\u00bb _builder_version=\u00bb4.27.4&#8243; _module_preset=\u00bbdefault\u00bb custom_padding=\u00bb0px||||false|false\u00bb hover_enabled=\u00bb0&#8243; sticky_enabled=\u00bb0&#8243;][et_pb_row _builder_version=\u00bb4.27.4&#8243; _module_preset=\u00bbdefault\u00bb theme_builder_area=\u00bbpost_content\u00bb][et_pb_column _builder_version=\u00bb4.27.4&#8243; _module_preset=\u00bbdefault\u00bb type=\u00bb4_4&#8243; theme_builder_area=\u00bbpost_content\u00bb][et_pb_text _builder_version=\u00bb4.27.4&#8243; _module_preset=\u00bbdefault\u00bb theme_builder_area=\u00bbpost_content\u00bb header_text_color=\u00bb#000000&#8243; header_text_align=\u00bbcenter\u00bb hover_enabled=\u00bb0&#8243; sticky_enabled=\u00bb0&#8243;]<h1>Tarifas<\/h1>[\/et_pb_text][\/et_pb_column][\/et_pb_row][et_pb_row _builder_version=\u00bb4.27.4&#8243; _module_preset=\u00bbdefault\u00bb theme_builder_area=\u00bbpost_content\u00bb][et_pb_column _builder_version=\u00bb4.27.4&#8243; _module_preset=\u00bbdefault\u00bb type=\u00bb4_4&#8243; theme_builder_area=\u00bbpost_content\u00bb][et_pb_tabs _builder_version=\u00bb4.27.4&#8243; _module_preset=\u00bbdefault\u00bb theme_builder_area=\u00bbpost_content\u00bb hover_enabled=\u00bb0&#8243; sticky_enabled=\u00bb0&#8243; background_enable_color=\u00bboff\u00bb border_radii=\u00bbon|15px|15px|15px|15px\u00bb custom_padding=\u00bb3em|1em|3em|1em|true|true\u00bb active_tab_background_color=\u00bb#0C71C3&#8243; inactive_tab_background_color=\u00bb#074c9b\u00bb active_tab_text_color=\u00bb#FFFFFF\u00bb tab_text_color=\u00bb#FFFFFF\u00bb body_text_color=\u00bb#000000&#8243;][et_pb_tab title=\u00bbTarifas de Publicaci\u00f3n 2025&#8243; _builder_version=\u00bb4.27.4&#8243; _module_preset=\u00bbdefault\u00bb theme_builder_area=\u00bbpost_content\u00bb hover_enabled=\u00bb0&#8243; sticky_enabled=\u00bb0&#8243;]<p style=\"text-align: center;\"><strong>LEY 9597<\/strong><br \/><strong>TARIFAS DE PUBLICACIONES<\/strong><br \/><strong>MINISTERIO DE GOBIERNO, INFRAESTRUCTURA Y DESARROLLO TERRITORIAL<\/strong><br \/><strong>BOLET\u00cdN OFICIAL<\/strong><\/p>\n<p style=\"text-align: left;\">[\u2026] Art\u00edculo 6\u00ba \u2013 Se abonar\u00e1n las tasas que se indican a continuaci\u00f3n:<br \/>2. Publicaciones de avisos en Bolet\u00edn Oficial:<br \/>a) Por cent\u00edmetro de columna de publicaci\u00f3n corrida. Consider\u00e1ndose como cent\u00edmetro 16 (diecis\u00e9is) palabras o fracci\u00f3n mayor de 10 (diez) palabras. No cobr\u00e1ndose las fracciones de hasta 9 (nueve) palabras. $270 (pesos DOSCIENTOS SETENTA con 00\/100)<br \/>b) En las publicaciones en soporte magn\u00e9tico en las cuales la composici\u00f3n no se pueda determinar de forma corrida o por fracci\u00f3n de palabras, se tomar\u00e1 por cada cuarto de p\u00e1gina un valor de $8.850 (pesos OCHO MIL OCHOCIENTOS CINCUENTA con 00\/100).<br \/>c) En las publicaciones de balances se pagar\u00e1 adem\u00e1s de la tarifa ordinaria un %50 (cincuenta por ciento) adicional.<br \/>d) Publicaciones que por su naturaleza deban llevar encabezamiento, adem\u00e1s de la tarifa ordinaria, se abonar\u00e1 el equivalente a 2 (dos) cent\u00edmetros.<br \/>e) Las publicaciones cuyas entidades tengan oficio de eximici\u00f3n de pago por resoluci\u00f3n judicial o autoridad competente se har\u00e1n sin cargo y a costas del Bolet\u00edn\u00a0Oficial.<\/p>[\/et_pb_tab][et_pb_tab title=\u00bbTarifas de Publicaci\u00f3n 2024&#8243; _builder_version=\u00bb4.27.4&#8243; _module_preset=\u00bbdefault\u00bb theme_builder_area=\u00bbpost_content\u00bb hover_enabled=\u00bb0&#8243; sticky_enabled=\u00bb0&#8243;]<p><strong>LEY 9496<\/strong><br \/><strong>TARIFAS DE PUBLICACIONES<\/strong><br \/><strong>MINISTERIO DE GOBIERNO, INFRAESTRUCTURA Y DESARROLLO TERRITORIAL\u00a0<\/strong><\/p>\n<p>BOLET\u00cdN OFICIAL<br \/>[\u2026] Art\u00edculo 6\u00ba \u2013 Se abonar\u00e1n las tasas que se indican a continuaci\u00f3n:<\/p>\n<p>2. Publicaciones de avisos en Bolet\u00edn Oficial:<\/p>\n<p>a) Por cent\u00edmetro de columna de publicaci\u00f3n corrida. Consider\u00e1ndose como cent\u00edmetro 16 (diecis\u00e9is) palabras o fracci\u00f3n mayor de 10 (diez) palabras. No cobr\u00e1ndose las fracciones de hasta 9 (nueve) palabras. $90 (pesos NOVENTA con 00\/100)<\/p>\n<p>b) En las publicaciones en soporte magn\u00e9tico en las cuales la composici\u00f3n no se pueda determinar de forma corrida o por fracci\u00f3n de palabras, se tomar\u00e1 por cada cuarto de p\u00e1gina un valor de $2.950 (pesos DOS MIL NOVECIENTOS CINCUENTA con 00\/100).<\/p>\n<p>c) En las publicaciones de balances se pagar\u00e1 adem\u00e1s de la tarifa ordinaria un %50 (cincuenta por ciento) adicional.<\/p>\n<p>d) Publicaciones que por su naturaleza deban llevar encabezamiento, adem\u00e1s de la tarifa ordinaria, se abonar\u00e1 el equivalente a 2 (dos) cent\u00edmetros.<\/p>\n<p>e) Las publicaciones cuyas entidades tengan oficio de eximici\u00f3n de pago por resoluci\u00f3n judicial o autoridad competente se har\u00e1n sin cargo y a costas del Bolet\u00edn Oficial.<\/p>[\/et_pb_tab][et_pb_tab title=\u00bbTarifas de Publicaci\u00f3n 2023&#8243; _builder_version=\u00bb4.27.4&#8243; _module_preset=\u00bbdefault\u00bb theme_builder_area=\u00bbpost_content\u00bb hover_enabled=\u00bb0&#8243; sticky_enabled=\u00bb0&#8243;]<p><strong>LEY 9432<\/strong><br \/><strong>TARIFAS DE PUBLICACIONES<\/strong><br \/><strong>MINISTERIO DE GOBIERNO, TRABAJO Y JUSTICIA<\/strong><\/p>\n<p>BOLET\u00cdN OFICIAL<br \/>[\u2026] Art\u00edculo 6\u00ba \u2013 Se abonar\u00e1n las tasas que se indican a continuaci\u00f3n:<\/p>\n<p>2. Publicaciones de avisos en Bolet\u00edn Oficial:<\/p>\n<p>a) Por cent\u00edmetro de columna de publicaci\u00f3n corrida. Consider\u00e1ndose como cent\u00edmetro 16 (diecis\u00e9is) palabras o fracci\u00f3n mayor de 10 (diez) palabras. No cobr\u00e1ndose las fracciones de hasta 9 (nueve) palabras. $40 (pesos CUARENTA con 00\/100)<\/p>\n<p>b) En las publicaciones en soporte magn\u00e9tico en las cuales la composici\u00f3n no se pueda determinar de forma corrida o por fracci\u00f3n de palabras, se tomar\u00e1 por cada cuarto de p\u00e1gina un valor de $1.250 (pesos UN MIL DOSCIENTOS CINCUENTA con 00\/100).<\/p>\n<p>c) En las publicaciones de balances se pagar\u00e1 adem\u00e1s de la tarifa ordinaria un %50 (cincuenta por ciento) adicional.<\/p>\n<p>d) Publicaciones que por su naturaleza deban llevar encabezamiento, adem\u00e1s de la tarifa ordinaria, se abonar\u00e1 el equivalente a 2 (dos) cent\u00edmetros.<\/p>\n<p>e) Las publicaciones cuyas entidades tengan oficio de eximici\u00f3n de pago por resoluci\u00f3n judicial o autoridad competente se har\u00e1n sin cargo y a costas del Bolet\u00edn Oficial.<\/p>[\/et_pb_tab][et_pb_tab title=\u00bbTarifas de Publicaci\u00f3n 2022&#8243; _builder_version=\u00bb4.27.4&#8243; _module_preset=\u00bbdefault\u00bb theme_builder_area=\u00bbpost_content\u00bb hover_enabled=\u00bb0&#8243; sticky_enabled=\u00bb0&#8243;]<p><strong>LEY 9355 (p\u00e1gina 56 del anexo)<\/strong><br \/><strong>TARIFAS DE PUBLICACIONES<\/strong><br \/><strong>MINISTERIO DE GOBIERNO, TRABAJO Y JUSTICIA<\/strong><\/p>\n<p>BOLET\u00cdN OFICIAL<br \/>[\u2026] Art\u00edculo 6\u00ba \u2013 Se abonar\u00e1n las tasas que se indican a continuaci\u00f3n:<br \/>1. Copia certificada impresa en Bolet\u00edn Oficial (por cada hoja) $150 (pesos cien con 00\/100)<br \/>2. Publicaciones de avisos en Bolet\u00edn Oficial:<br \/>a) Por cent\u00edmetro de columna de publicaci\u00f3n corrida. Consider\u00e1ndose como cent\u00edmetro 16 (diecis\u00e9is) palabras o fracci\u00f3n mayor de 10 (diez) palabras. No cobr\u00e1ndose las fracciones de hasta 9 (nueve) palabras. $24,00 (pesos diecis\u00e9is con 00\/100)<br \/>b) En las publicaciones en soporte magn\u00e9tico en las cuales la composici\u00f3n no se pueda determinar de forma corrida o por fracci\u00f3n de palabras, se tomar\u00e1 por cada cuarto de p\u00e1gina un valor de $700 (pesos cuatrocientos ochenta con 00\/100).<br \/>c) En las publicaciones de balances se pagar\u00e1 adem\u00e1s de la tarifa ordinaria un %50 (cincuenta por ciento) adicional.<br \/>d) Publicaciones que por su naturaleza deban llevar encabezamiento, adem\u00e1s de la tarifa ordinaria, se abonar\u00e1 el equivalente a 2 (dos) cent\u00edmetros.<br \/>e) Las publicaciones cuyas entidades tengan oficio de eximici\u00f3n de pago por resoluci\u00f3n judicial o autoridad competente se har\u00e1n sin cargo y a costas del Bolet\u00edn Oficial.<\/p>[\/et_pb_tab][\/et_pb_tabs][\/et_pb_column][\/et_pb_row][\/et_pb_section]\n","protected":false},"excerpt":{"rendered":"<p>TarifasLEY 9597TARIFAS DE PUBLICACIONESMINISTERIO DE GOBIERNO, INFRAESTRUCTURA Y DESARROLLO TERRITORIALBOLET\u00cdN OFICIAL [\u2026] Art\u00edculo 6\u00ba \u2013 Se abonar\u00e1n las tasas que se indican a continuaci\u00f3n:2. Publicaciones de avisos en Bolet\u00edn Oficial:a) Por cent\u00edmetro de columna de publicaci\u00f3n corrida. Consider\u00e1ndose como cent\u00edmetro 16 (diecis\u00e9is) palabras o fracci\u00f3n mayor de 10 (diez) palabras. No cobr\u00e1ndose las fracciones de [&hellip;]<\/p>\n","protected":false},"author":60,"featured_media":0,"parent":0,"menu_order":0,"comment_status":"closed","ping_status":"closed","template":"","meta":{"_et_pb_use_builder":"on","_et_pb_old_content":"","_et_gb_content_width":"","footnotes":""},"class_list":["post-79","page","type-page","status-publish","hentry"],"_links":{"self":[{"href":"https:\/\/informacionoficial-nonprod.mendoza.gob.ar\/boletinoficial\/wp-json\/wp\/v2\/pages\/79","targetHints":{"allow":["GET"]}}],"collection":[{"href":"https:\/\/informacionoficial-nonprod.mendoza.gob.ar\/boletinoficial\/wp-json\/wp\/v2\/pages"}],"about":[{"href":"https:\/\/informacionoficial-nonprod.mendoza.gob.ar\/boletinoficial\/wp-json\/wp\/v2\/types\/page"}],"author":[{"embeddable":true,"href":"https:\/\/informacionoficial-nonprod.mendoza.gob.ar\/boletinoficial\/wp-json\/wp\/v2\/users\/60"}],"replies":[{"embeddable":true,"href":"https:\/\/informacionoficial-nonprod.mendoza.gob.ar\/boletinoficial\/wp-json\/wp\/v2\/comments?post=79"}],"version-history":[{"count":3,"href":"https:\/\/informacionoficial-nonprod.mendoza.gob.ar\/boletinoficial\/wp-json\/wp\/v2\/pages\/79\/revisions"}],"predecessor-version":[{"id":83,"href":"https:\/\/informacionoficial-nonprod.mendoza.gob.ar\/boletinoficial\/wp-json\/wp\/v2\/pages\/79\/revisions\/83"}],"wp:attachment":[{"href":"https:\/\/informacionoficial-nonprod.mendoza.gob.ar\/boletinoficial\/wp-json\/wp\/v2\/media?parent=79"}],"curies":[{"name":"wp","href":"https:\/\/api.w.org\/{rel}","templated":true}]}}